{"id":51,"date":"2020-09-24T14:51:27","date_gmt":"2020-09-24T11:51:27","guid":{"rendered":"http:\/\/hyvafiil.asiakkaat.sigmatic.fi\/kauppa\/?post_type=product&#038;p=51"},"modified":"2020-11-20T11:27:36","modified_gmt":"2020-11-20T09:27:36","slug":"saliohjelma-3-jakoinen","status":"publish","type":"product","link":"https:\/\/hyvafiilis.fi\/kauppa\/tuote\/saliohjelma-3-jakoinen\/","title":{"rendered":"Saliohjelma 3-jakoinen"},"content":{"rendered":"<p>Kolmelle p\u00e4iv\u00e4lle jaettu perus kuntosaliohjelma, jossa liikkeet valokuvina. Ota yhteys henkil\u00f6kuntaan, jos tarvitset ohjausta. puh. 040-1483522<\/p>\n","protected":false},"excerpt":{"rendered":"<p>Kolmelle p\u00e4iv\u00e4lle jaettu perus kuntosaliohjelma, jossa liikkeet valokuvina. Ota yhteys henkil\u00f6kuntaan, jos tarvitset ohjausta. puh. 040-1483522<\/p>\n","protected":false},"featured_media":135,"template":"","meta":[],"product_cat":[15],"product_tag":[],"_links":{"self":[{"href":"https:\/\/hyvafiilis.fi\/kauppa\/wp-json\/wp\/v2\/product\/51"}],"collection":[{"href":"https:\/\/hyvafiilis.fi\/kauppa\/wp-json\/wp\/v2\/product"}],"about":[{"href":"https:\/\/hyvafiilis.fi\/kauppa\/wp-json\/wp\/v2\/types\/product"}],"wp:featuredmedia":[{"embeddable":true,"href":"https:\/\/hyvafiilis.fi\/kauppa\/wp-json\/wp\/v2\/media\/135"}],"wp:attachment":[{"href":"https:\/\/hyvafiilis.fi\/kauppa\/wp-json\/wp\/v2\/media?parent=51"}],"wp:term":[{"taxonomy":"product_cat","embeddable":true,"href":"https:\/\/hyvafiilis.fi\/kauppa\/wp-json\/wp\/v2\/product_cat?post=51"},{"taxonomy":"product_tag","embeddable":true,"href":"https:\/\/hyvafiilis.fi\/kauppa\/wp-json\/wp\/v2\/product_tag?post=51"}],"curies":[{"name":"wp","href":"https:\/\/api.w.org\/{rel}","templated":true}]}}