{"id":49,"date":"2020-09-24T14:50:33","date_gmt":"2020-09-24T11:50:33","guid":{"rendered":"http:\/\/hyvafiil.asiakkaat.sigmatic.fi\/kauppa\/?post_type=product&#038;p=49"},"modified":"2020-11-20T11:25:50","modified_gmt":"2020-11-20T09:25:50","slug":"saliohjelma-1-jakoinen","status":"publish","type":"product","link":"https:\/\/hyvafiilis.fi\/kauppa\/tuote\/saliohjelma-1-jakoinen\/","title":{"rendered":"Saliohjelma 1-jakoinen"},"content":{"rendered":"<p>Yhdelle p\u00e4iv\u00e4lle rakennettu koko vartalon perus kuntosaliohjelma (kuvallinen). Ota yhteys henkil\u00f6kuntaan, mik\u00e4li tarvitset ohjausta puh. 040-1483522.<\/p>\n","protected":false},"excerpt":{"rendered":"<p>Yhdelle p\u00e4iv\u00e4lle rakennettu koko vartalon perus kuntosaliohjelma (kuvallinen). Ota yhteys henkil\u00f6kuntaan, mik\u00e4li tarvitset ohjausta puh. 040-1483522.<\/p>\n","protected":false},"featured_media":135,"template":"","meta":[],"product_cat":[15],"product_tag":[],"_links":{"self":[{"href":"https:\/\/hyvafiilis.fi\/kauppa\/wp-json\/wp\/v2\/product\/49"}],"collection":[{"href":"https:\/\/hyvafiilis.fi\/kauppa\/wp-json\/wp\/v2\/product"}],"about":[{"href":"https:\/\/hyvafiilis.fi\/kauppa\/wp-json\/wp\/v2\/types\/product"}],"wp:featuredmedia":[{"embeddable":true,"href":"https:\/\/hyvafiilis.fi\/kauppa\/wp-json\/wp\/v2\/media\/135"}],"wp:attachment":[{"href":"https:\/\/hyvafiilis.fi\/kauppa\/wp-json\/wp\/v2\/media?parent=49"}],"wp:term":[{"taxonomy":"product_cat","embeddable":true,"href":"https:\/\/hyvafiilis.fi\/kauppa\/wp-json\/wp\/v2\/product_cat?post=49"},{"taxonomy":"product_tag","embeddable":true,"href":"https:\/\/hyvafiilis.fi\/kauppa\/wp-json\/wp\/v2\/product_tag?post=49"}],"curies":[{"name":"wp","href":"https:\/\/api.w.org\/{rel}","templated":true}]}}