{"id":46,"date":"2020-09-24T14:47:41","date_gmt":"2020-09-24T11:47:41","guid":{"rendered":"http:\/\/hyvafiil.asiakkaat.sigmatic.fi\/kauppa\/?post_type=product&#038;p=46"},"modified":"2026-05-04T13:08:29","modified_gmt":"2026-05-04T10:08:29","slug":"ravintovalmennus-1kk","status":"publish","type":"product","link":"https:\/\/hyvafiilis.fi\/kauppa\/tuote\/ravintovalmennus-1kk\/","title":{"rendered":"Ravintovalmennus 1kk"},"content":{"rendered":"<p>Kohti terveellist\u00e4 el\u00e4m\u00e4\u00e4 hyv\u00e4n ruoan kautta! Ravintovalmennuksessa saat henkil\u00f6kohtaiset ateriamallit ja m\u00e4\u00e4r\u00e4t, sek\u00e4 perusohjeet ruoan sis\u00e4lt\u00f6\u00f6n, ilman dieettej\u00e4 ja pussikeittoja. Valmennus perustuu normaaliin koko perheen ruokaan, joka on helppo toteuttaa. Valmennukseen kuuluu lis\u00e4ksi Inbody-kehonkoostumismittaukset alussa ja lopussa. Tavoitteena siis loppuel\u00e4m\u00e4n ruokavalio!<\/p>\n<p><strong>Sis\u00e4lt\u00f6:<\/strong><\/p>\n<ul>\n<li><strong>2 henkil\u00f6kohtaista tapaamista + v\u00e4likontrolli s\u00e4hk\u00f6postitse<\/strong><\/li>\n<li><strong>Henkil\u00f6kohtainen ravinto-ohjeistus ja suunnitelma, sek\u00e4 lasketut mallit aterioille <\/strong><\/li>\n<li><strong>Seuranta\/ohjaus s\u00e4hk\u00f6postin v\u00e4lityksell\u00e4 <\/strong><\/li>\n<li><strong><u>Inbody-mittaus alussa ja lopussa<\/u><\/strong><\/li>\n<\/ul>\n<p>Ota yhteys ravintovalmentaja Sanna Vanhapihaan sanna@hyvafiilis.fi<\/p>\n","protected":false},"excerpt":{"rendered":"<p>Kohti terveellist\u00e4 el\u00e4m\u00e4\u00e4 hyv\u00e4n ruoan kautta! Ravintovalmennuksessa saat henkil\u00f6kohtaiset ateriamallit ja m\u00e4\u00e4r\u00e4t, sek\u00e4 perusohjeet ruoan sis\u00e4lt\u00f6\u00f6n, ilman dieettej\u00e4 ja pussikeittoja. Valmennus perustuu normaaliin koko perheen ruokaan, joka on helppo toteuttaa. Valmennukseen kuuluu lis\u00e4ksi Inbody-kehonkoostumismittaukset alussa [&hellip;]<\/p>\n","protected":false},"featured_media":110,"template":"","meta":[],"product_cat":[15],"product_tag":[],"_links":{"self":[{"href":"https:\/\/hyvafiilis.fi\/kauppa\/wp-json\/wp\/v2\/product\/46"}],"collection":[{"href":"https:\/\/hyvafiilis.fi\/kauppa\/wp-json\/wp\/v2\/product"}],"about":[{"href":"https:\/\/hyvafiilis.fi\/kauppa\/wp-json\/wp\/v2\/types\/product"}],"wp:featuredmedia":[{"embeddable":true,"href":"https:\/\/hyvafiilis.fi\/kauppa\/wp-json\/wp\/v2\/media\/110"}],"wp:attachment":[{"href":"https:\/\/hyvafiilis.fi\/kauppa\/wp-json\/wp\/v2\/media?parent=46"}],"wp:term":[{"taxonomy":"product_cat","embeddable":true,"href":"https:\/\/hyvafiilis.fi\/kauppa\/wp-json\/wp\/v2\/product_cat?post=46"},{"taxonomy":"product_tag","embeddable":true,"href":"https:\/\/hyvafiilis.fi\/kauppa\/wp-json\/wp\/v2\/product_tag?post=46"}],"curies":[{"name":"wp","href":"https:\/\/api.w.org\/{rel}","templated":true}]}}