{"id":200,"date":"2022-12-08T12:47:58","date_gmt":"2022-12-08T10:47:58","guid":{"rendered":"https:\/\/hyvafiilis.fi\/kauppa\/?post_type=product&#038;p=200"},"modified":"2024-06-17T08:50:13","modified_gmt":"2024-06-17T05:50:13","slug":"lahjakortti-20-e","status":"publish","type":"product","link":"https:\/\/hyvafiilis.fi\/kauppa\/tuote\/lahjakortti-20-e\/","title":{"rendered":"Lahjakortti 20 \u20ac"},"content":{"rendered":"<p>Lahjakortti 20 \u20ac, voi k\u00e4ytt\u00e4\u00e4 kaikkiin palveluihin\/treenikortteihin.<\/p>\n","protected":false},"excerpt":{"rendered":"<p>Lahjakortti 20 \u20ac, voi k\u00e4ytt\u00e4\u00e4 kaikkiin palveluihin\/treenikortteihin.<\/p>\n","protected":false},"featured_media":153,"template":"","meta":[],"product_cat":[15],"product_tag":[],"_links":{"self":[{"href":"https:\/\/hyvafiilis.fi\/kauppa\/wp-json\/wp\/v2\/product\/200"}],"collection":[{"href":"https:\/\/hyvafiilis.fi\/kauppa\/wp-json\/wp\/v2\/product"}],"about":[{"href":"https:\/\/hyvafiilis.fi\/kauppa\/wp-json\/wp\/v2\/types\/product"}],"wp:featuredmedia":[{"embeddable":true,"href":"https:\/\/hyvafiilis.fi\/kauppa\/wp-json\/wp\/v2\/media\/153"}],"wp:attachment":[{"href":"https:\/\/hyvafiilis.fi\/kauppa\/wp-json\/wp\/v2\/media?parent=200"}],"wp:term":[{"taxonomy":"product_cat","embeddable":true,"href":"https:\/\/hyvafiilis.fi\/kauppa\/wp-json\/wp\/v2\/product_cat?post=200"},{"taxonomy":"product_tag","embeddable":true,"href":"https:\/\/hyvafiilis.fi\/kauppa\/wp-json\/wp\/v2\/product_tag?post=200"}],"curies":[{"name":"wp","href":"https:\/\/api.w.org\/{rel}","templated":true}]}}