{"id":35,"date":"2020-09-18T12:45:45","date_gmt":"2020-09-18T09:45:45","guid":{"rendered":"http:\/\/hyvafiil.asiakkaat.sigmatic.fi\/kauppa\/?page_id=35"},"modified":"2020-11-05T12:43:29","modified_gmt":"2020-11-05T10:43:29","slug":"tilaus-ja-sopimusehdot","status":"publish","type":"page","link":"https:\/\/hyvafiilis.fi\/kauppa\/tilaus-ja-sopimusehdot\/","title":{"rendered":"Tilaus- ja sopimusehdot"},"content":{"rendered":"<h2 class=\"wp-block-heading\">Asiakassopimusehdot<\/h2><h4 class=\"wp-block-heading\">1. Kuukausi- ja kertakortit ovat henkil\u00f6kohtaisia<\/h4><p>Kerta- ja kuukausituotteet ladataan kulkukortille. Kulkukortti maksaa 7,00\u20ac, ja siihen ladataan kaikki ostetut kuukausi- ja kertatuotteet. Kortilla p\u00e4\u00e4set kulkemaan kulunvalvonnan kautta suoraan palvelun pariin ilman erillist\u00e4 asiointia asiakaspalvelussa. Kaikki kausi- ja kertakorttituotteemme ovat henkil\u00f6kohtaisia eik\u00e4 kulkukorttia saa luovuttaa kolmannelle osapuolelle ilman Liikuntakeskus Hyv\u00e4Fiiliksen lupaa. Lis\u00e4ksi voit ostaa verkkokaupasta tiettyj\u00e4 tuotteita suoraan kortillesi. Kulkukorttimaksua ei palauteta.<\/p><p>LIVE j\u00e4senyyden voi ostaa verkkokaupasta m\u00e4\u00e4r\u00e4ajaksi. LIVEn k\u00e4ytt\u00f6oikeus on henkil\u00f6kohtainen eik\u00e4 tunnuksia saa luovuttaa kolmannelle osapuolelle ilman Liikuntakeskus Hyv\u00e4Fiilis lupaa.<\/p><h4 class=\"wp-block-heading\">2. Voimassaoloaika<\/h4><p>5x korttien voimassaoloaika on 2kk ostop\u00e4iv\u00e4st\u00e4. 10x korttien voimassaoloaika on 3kk ostop\u00e4iv\u00e4st\u00e4. Voimassaoloaikaa voi ostaa lis\u00e4\u00e4 10\u20ac\/kk. Aikaperusteiset kortit ovat voimassa ostetun ajan (1kk tai 12kk). Kampanja- ja tarjoustuotteilla saattaa olla poikkeava voimassaoloaika. LIVE ryhm\u00e4n k\u00e4ytt\u00f6oikeus alkaa ostohetkest\u00e4 ja on voimassa kyseisen tuotteen voimassaoloajan mukaisesti.<\/p><h4 class=\"wp-block-heading\">3. Palveluiden k\u00e4ytt\u00f6<\/h4><p>Kortille ostettua palvelua voi k\u00e4ytt\u00e4\u00e4 Liikuntakeskus Hyv\u00e4Fiiliksen toimipisteess\u00e4 El\u00e4mystehdas Lapparilla. Kaikki Liikuntakeskus Hyv\u00e4Fiiliksen tuotteet on tarkoitettu henkil\u00f6kohtaiseen k\u00e4ytt\u00f6\u00f6n eik\u00e4 Liikuntakeskus Hyv\u00e4Fiiliksen tilossa saa harjoittaa ulkopuolista liiketoimintaa (esim. valmennuspalvelua) ilman Liikuntakeskus Hyv\u00e4Fiiliksen kirjallista lupaa.<\/p><h4 class=\"wp-block-heading\">4. Maksaminen<\/h4><p>Tuotteet voi maksaa ennakkoon Hyv\u00e4Fiiliksen verkkokaupassa (katso alla verkkokaupan toimitusehdot) tai paikan p\u00e4\u00e4ll\u00e4 Liikuntakeskus Hyv\u00e4Fiiliksen kassalla myyntipisteess\u00e4 k\u00e4yt\u00f6ss\u00e4 olevilla maksutavoilla.<\/p><h4 class=\"wp-block-heading\">5. Pyh\u00e4t ja kes\u00e4aika<\/h4><p>Kuntosali on avoinna joka p\u00e4iv\u00e4 04.30-24.00 my\u00f6s pyhin\u00e4 ja kes\u00e4ll\u00e4.<\/p><h4 class=\"wp-block-heading\">6. Kortin katoaminen<\/h4><p>Jos kulkukortti h\u00e4vi\u00e4\u00e4, ilmoita siit\u00e4 meille v\u00e4litt\u00f6m\u00e4sti. Voimme sulkea h\u00e4vinneen kortin ja siirt\u00e4\u00e4 tuotteet uudelle kortille. Uusi kortti maksaa 7,00\u20ac.<\/p><h4 class=\"wp-block-heading\">7. Lahjakortti<\/h4><p>Lahjakortilla maksettaessa tulee lahjakortti esitt\u00e4\u00e4 maksun yhteydess\u00e4. Lahjakorttia ei voi vaihtaa rahaksi. Lahjakortti on voimassa 6 kk.<\/p><h4 class=\"wp-block-heading\">8. Tarjoukset<\/h4><p>Tarjouksia ei voi yhdist\u00e4\u00e4. Alennusprosentti tai eurom\u00e4\u00e4r\u00e4inen alennus koskee vain normaalihintaisia tuotteita, ei alennusryhm\u00e4hinnoiteltuja tai jo alennettuja tuotteita. Kampanja- ja tarjoustuotteilla saattaa olla poikkeava voimassaoloaika.<\/p><h4 class=\"wp-block-heading\">9. Sairastapaukset, muutot ja tuotemuutokset<\/h4><p>Sairastapaukset, muutot yli 50km et\u00e4isyydelle asuinpaikasta ja tuotteiden muutokset tai vaihdokset k\u00e4sittelemme tapauskohtaisesti. Asiakaskorttimaksua ei palauteta.<\/p><h4 class=\"wp-block-heading\">10. Ik\u00e4rajat eri palveluihin<\/h4><p>Kuntosalille sek\u00e4 ryhm\u00e4liikuntatunneille ik\u00e4raja on 12 vuotta yleisen turvallisuuden takaamiseksi. Pienet lapset eiv\u00e4t saa oleskella kuntosalilla heid\u00e4n oman turvallisuutensa vuoksi.<br><em>Pid\u00e4t\u00e4mme oikeuden muutoksiin.<\/em><\/p><h2 class=\"wp-block-heading\">Verkkokaupan toimitusehdot<\/h2><h4 class=\"wp-block-heading\">Tilaaminen<\/h4><p>Tilattavat tuotteet valitaan verkkokaupan tuotesivulla lis\u00e4\u00e4m\u00e4ll\u00e4 ne ostoskoriin. Tilaus l\u00e4hetet\u00e4\u00e4n maksamalla ostoskorin sis\u00e4lt\u00f6 verkkokaupan kassatoiminnossa. L\u00e4hetett\u00e4viin tilauksiin lis\u00e4t\u00e4\u00e4n posti-ja toimituskulut. Noutaessa itse tilatut\u00a0tuotteet liikuntakeskuksesta, ei toimituskuluja lis\u00e4t\u00e4 mukaan.\u00a0Tehdess\u00e4si tilauksen hyv\u00e4ksyt n\u00e4m\u00e4 toimitusehdot ja tuotteiden hinnat.<\/p><h4 class=\"wp-block-heading\">Maksaminen<\/h4><p>Verkkokaupan maksuv\u00e4litt\u00e4j\u00e4n\u00e4 toimii Paytrail, joka on rekister\u00f6ity Finanssivalvonnan yll\u00e4pit\u00e4m\u00e4\u00e4n maksulaitosrekisteriin. Maksaminen on turvallista, sill\u00e4 kaikki maksutapahtumaa koskevat tiedot v\u00e4litet\u00e4\u00e4n salattua yhteytt\u00e4 k\u00e4ytt\u00e4en niin ettei kukaan ulkopuolinen taho n\u00e4e maksutapahtuman tietoja.<\/p><p>Kauppa syntyy verkkokaupan asiakkaan ja verkkokaupan v\u00e4lille. Verkkokaupan vastuulla ovat kaikki kauppaan liittyv\u00e4t velvoitteet<\/p><h4 class=\"wp-block-heading\">Peruuttaminen<\/h4><p>Verkkokaupan asiakkaalla on kuluttajansuojalain mukainen oikeus peruuttaa tekem\u00e4ns\u00e4 sopimus viimeist\u00e4\u00e4n 14 vuorokauden kuluttua tilauksen tekemisest\u00e4. Mik\u00e4li asiakas on ehtinyt ottaa ostamansa palvelun k\u00e4ytt\u00f6\u00f6n ennen sopimuksen peruuttamista on asiakkaan korvattava k\u00e4ytetyt palvelut kertak\u00e4yntien voimassaolevien hintojen mukaisesti.<\/p><p>Sopimuksen peruuttamisen voi tehd\u00e4 yhteydenottolomakkeella tai ottamalla suoraan yhteys Liikuntakeskus Hyv\u00e4Fiilikseen.<\/p><h4 class=\"wp-block-heading\">Maksutavat<\/h4><p>Paytrail-palvelun kautta voit maksaa verkkopankkitunnuksilla. K\u00e4ytett\u00e4viss\u00e4 ovat seuraavat maksutavat: Osuuspankki, Nordea, Danske Bank, S\u00e4\u00e4st\u00f6pankki, Oma S\u00e4\u00e4st\u00f6pankki, Aktia, Paikallisosuuspankit, S-Pankki, Handelsbanken, \u00c5landsbanken, Visa-, Visa Debit-, Visa Electron-, MasterCard- ja Debit MasterCard -kortit sek\u00e4 Jousto ja Euroloan.<br><br>Paytrail maksupalvelun <a href=\"https:\/\/www.paytrail.com\/yhteystiedot\" target=\"_blank\" rel=\"noreferrer noopener\">yhteystiedot<\/a>.<\/p><h3 class=\"wp-block-heading\">Liikuntakeskus Hyv\u00e4Fiilis yritystiedot:<\/h3><p>Ryhm\u00e4liikuntakeskus Hyv\u00e4Fiilis (Y-tunnus: 2349054-0)<br>S\u00e4hk\u00f6posti: info@hyvafiilis.net<br>Puhelin: 0401483522<br>K\u00e4yntiosoite: Vesaisenkatu 1, 95400 Tornio<br>Postiosoite: Vesaisenkatu 1, 95400 Tornio<\/p>","protected":false},"excerpt":{"rendered":"<p>Asiakassopimusehdot 1. Kuukausi- ja kertakortit ovat henkil\u00f6kohtaisia Kerta- ja kuukausituotteet ladataan kulkukortille. Kulkukortti maksaa 7,00\u20ac, ja siihen ladataan kaikki ostetut kuukausi- ja kertatuotteet. Kortilla p\u00e4\u00e4set kulkemaan kulunvalvonnan kautta suoraan palvelun pariin ilman erillist\u00e4 asiointia asiakaspalvelussa. [&hellip;]<\/p>\n","protected":false},"author":1,"featured_media":0,"parent":0,"menu_order":0,"comment_status":"closed","ping_status":"closed","template":"","meta":{"footnotes":""},"_links":{"self":[{"href":"https:\/\/hyvafiilis.fi\/kauppa\/wp-json\/wp\/v2\/pages\/35"}],"collection":[{"href":"https:\/\/hyvafiilis.fi\/kauppa\/wp-json\/wp\/v2\/pages"}],"about":[{"href":"https:\/\/hyvafiilis.fi\/kauppa\/wp-json\/wp\/v2\/types\/page"}],"author":[{"embeddable":true,"href":"https:\/\/hyvafiilis.fi\/kauppa\/wp-json\/wp\/v2\/users\/1"}],"replies":[{"embeddable":true,"href":"https:\/\/hyvafiilis.fi\/kauppa\/wp-json\/wp\/v2\/comments?post=35"}],"version-history":[{"count":4,"href":"https:\/\/hyvafiilis.fi\/kauppa\/wp-json\/wp\/v2\/pages\/35\/revisions"}],"predecessor-version":[{"id":125,"href":"https:\/\/hyvafiilis.fi\/kauppa\/wp-json\/wp\/v2\/pages\/35\/revisions\/125"}],"wp:attachment":[{"href":"https:\/\/hyvafiilis.fi\/kauppa\/wp-json\/wp\/v2\/media?parent=35"}],"curies":[{"name":"wp","href":"https:\/\/api.w.org\/{rel}","templated":true}]}}